{"id":7,"date":"2026-02-25T15:10:48","date_gmt":"2026-02-25T15:10:48","guid":{"rendered":"https:\/\/juanpenafiel.ciape.org\/?page_id=7"},"modified":"2026-02-25T18:44:57","modified_gmt":"2026-02-25T18:44:57","slug":"revista-digital","status":"publish","type":"page","link":"https:\/\/juanpenafiel.ciape.org\/","title":{"rendered":"Inicio"},"content":{"rendered":"\n\t\t\t<div class=\"wp-block-uagb-post-grid uagb-post-grid  uagb-post__image-position-top uagb-post__image-enabled uagb-block-d050c0d2     uagb-post__items uagb-post__columns-4 is-grid uagb-post__columns-tablet-2 uagb-post__columns-mobile-1 uagb-post__equal-height\" data-total=\"2\" style=\"\">\n\n\t\t\t\t\t\t\t\t\t\t\t\t<article class=\"uagb-post__inner-wrap\">\t\t\t\t\t\t\t\t<div class='uagb-post__image'>\n\t\t\t\t\t\t\t\t\t<a href=\"https:\/\/juanpenafiel.ciape.org\/index.php\/2026\/03\/08\/claude-y-su-responsabilidad-en-la-muerte-de-165-ninas-de-minab\/\" target=\"_self\" rel=\"bookmark noopener noreferrer\" class='uagb-image-ratio-2-3'><img loading=\"lazy\" decoding=\"async\" width=\"201\" height=\"251\" src=\"https:\/\/juanpenafiel.ciape.org\/wp-content\/uploads\/2026\/03\/Ninas-de-Minab.jpg\" class=\"attachment-medium size-medium\" alt=\"\" \/>\t\t\t\t\t<\/a>\n\t\t\t\t\t\t\t<\/div>\n\t\t\t\t\t\t<h4 class=\"uagb-post__title uagb-post__text\">\n\t\t\t\t<a href=\"https:\/\/juanpenafiel.ciape.org\/index.php\/2026\/03\/08\/claude-y-su-responsabilidad-en-la-muerte-de-165-ninas-de-minab\/\" target=\"_self\" rel=\"bookmark noopener noreferrer\">Claude y su \u00abresponsabilidad\u00bb en la muerte de 165 ni\u00f1as de Minab<\/a>\n\t\t\t<\/h4>\n\t\t\t\t\t\t<div class='uagb-post__text uagb-post-grid-byline'>\n\t\t\t\t\t\t\t\t<time datetime=\"2026-03-08T12:47:30+00:00\" class=\"uagb-post__date\">\n\t\t\t\t<span class=\"dashicons-calendar dashicons\"><\/span>\t\t\t\t\tmarzo 8, 2026\t\t\t\t<\/time>\n\t\t\t\t\t\t<\/div>\n\t\t\t\t\t\t\t<div class='uagb-post__text uagb-post__excerpt'>\n\t\t\t\t\t\u00abLas 165 ni\u00f1as de Minab van a quedar exactamente donde&#8230;\t\t\t\t<\/div>\n\t\t\t\t\t\t<div class=\"uagb-post__text uagb-post__cta wp-block-button\">\n\t\t\t\t<a class=\"wp-block-button__link uagb-text-link\" style=\"\" href=\"https:\/\/juanpenafiel.ciape.org\/index.php\/2026\/03\/08\/claude-y-su-responsabilidad-en-la-muerte-de-165-ninas-de-minab\/\" target=\"_self\" rel=\"bookmark noopener noreferrer\">Leer m\u00e1s<\/a>\n\t\t\t<\/div>\n\t\t\t\n\t\t\t\t\t\t\t\t\t<\/article>\n\t\t\t\t\t\t\t\t\t\t\t\t\t\t\t\t<article class=\"uagb-post__inner-wrap\">\t\t\t\t\t\t\t\t<div class='uagb-post__image'>\n\t\t\t\t\t\t\t\t\t<a href=\"https:\/\/juanpenafiel.ciape.org\/index.php\/2026\/02\/28\/a-partir-del-caso-de-claude-y-el-pentagono\/\" target=\"_self\" rel=\"bookmark noopener noreferrer\" class='uagb-image-ratio-2-3'><img loading=\"lazy\" decoding=\"async\" width=\"300\" height=\"252\" src=\"https:\/\/juanpenafiel.ciape.org\/wp-content\/uploads\/2026\/02\/Claude-IA-300x252.png\" class=\"attachment-medium size-medium\" alt=\"\" srcset=\"https:\/\/juanpenafiel.ciape.org\/wp-content\/uploads\/2026\/02\/Claude-IA-300x252.png 300w, https:\/\/juanpenafiel.ciape.org\/wp-content\/uploads\/2026\/02\/Claude-IA.png 486w\" sizes=\"auto, (max-width: 300px) 100vw, 300px\" \/>\t\t\t\t\t<\/a>\n\t\t\t\t\t\t\t<\/div>\n\t\t\t\t\t\t<h4 class=\"uagb-post__title uagb-post__text\">\n\t\t\t\t<a href=\"https:\/\/juanpenafiel.ciape.org\/index.php\/2026\/02\/28\/a-partir-del-caso-de-claude-y-el-pentagono\/\" target=\"_self\" rel=\"bookmark noopener noreferrer\">A partir del caso de Claude y el Pent\u00e1gono<\/a>\n\t\t\t<\/h4>\n\t\t\t\t\t\t<div class='uagb-post__text uagb-post-grid-byline'>\n\t\t\t\t\t\t\t\t<time datetime=\"2026-02-28T20:24:22+00:00\" class=\"uagb-post__date\">\n\t\t\t\t<span class=\"dashicons-calendar dashicons\"><\/span>\t\t\t\t\tfebrero 28, 2026\t\t\t\t<\/time>\n\t\t\t\t\t\t<\/div>\n\t\t\t\t\t\t\t<div class='uagb-post__text uagb-post__excerpt'>\n\t\t\t\t\tser cada vez m\u00e1s cautelosos en el uso cr\u00edtico de&#8230;\t\t\t\t<\/div>\n\t\t\t\t\t\t<div class=\"uagb-post__text uagb-post__cta wp-block-button\">\n\t\t\t\t<a class=\"wp-block-button__link uagb-text-link\" style=\"\" href=\"https:\/\/juanpenafiel.ciape.org\/index.php\/2026\/02\/28\/a-partir-del-caso-de-claude-y-el-pentagono\/\" target=\"_self\" rel=\"bookmark noopener noreferrer\">Leer m\u00e1s<\/a>\n\t\t\t<\/div>\n\t\t\t\n\t\t\t\t\t\t\t\t\t<\/article>\n\t\t\t\t\t\t\t\t\t\t\t\t\t\t\t\t<article class=\"uagb-post__inner-wrap\">\t\t\t\t\t\t\t\t<div class='uagb-post__image'>\n\t\t\t\t\t\t\t\t\t<a href=\"https:\/\/juanpenafiel.ciape.org\/index.php\/2026\/02\/25\/una-vision-critica-de-la-ia-que-nacio-no-neutral\/\" target=\"_self\" rel=\"bookmark noopener noreferrer\" class='uagb-image-ratio-2-3'><img loading=\"lazy\" decoding=\"async\" width=\"300\" height=\"220\" src=\"https:\/\/juanpenafiel.ciape.org\/wp-content\/uploads\/2026\/02\/Tecnologias-e-IA-300x220.png\" class=\"attachment-medium size-medium\" alt=\"\" srcset=\"https:\/\/juanpenafiel.ciape.org\/wp-content\/uploads\/2026\/02\/Tecnologias-e-IA-300x220.png 300w, https:\/\/juanpenafiel.ciape.org\/wp-content\/uploads\/2026\/02\/Tecnologias-e-IA.png 396w\" sizes=\"auto, (max-width: 300px) 100vw, 300px\" \/>\t\t\t\t\t<\/a>\n\t\t\t\t\t\t\t<\/div>\n\t\t\t\t\t\t<h4 class=\"uagb-post__title uagb-post__text\">\n\t\t\t\t<a href=\"https:\/\/juanpenafiel.ciape.org\/index.php\/2026\/02\/25\/una-vision-critica-de-la-ia-que-nacio-no-neutral\/\" target=\"_self\" rel=\"bookmark noopener noreferrer\">Una visi\u00f3n cr\u00edtica de la IA que naci\u00f3 no neutral<\/a>\n\t\t\t<\/h4>\n\t\t\t\t\t\t<div class='uagb-post__text uagb-post-grid-byline'>\n\t\t\t\t\t\t\t\t<time datetime=\"2026-02-25T18:04:07+00:00\" class=\"uagb-post__date\">\n\t\t\t\t<span class=\"dashicons-calendar dashicons\"><\/span>\t\t\t\t\tfebrero 25, 2026\t\t\t\t<\/time>\n\t\t\t\t\t\t<\/div>\n\t\t\t\t\t\t\t<div class='uagb-post__text uagb-post__excerpt'>\n\t\t\t\t\tEntre la libertad y el control de las personas\t\t\t\t<\/div>\n\t\t\t\t\t\t<div class=\"uagb-post__text uagb-post__cta wp-block-button\">\n\t\t\t\t<a class=\"wp-block-button__link uagb-text-link\" style=\"\" href=\"https:\/\/juanpenafiel.ciape.org\/index.php\/2026\/02\/25\/una-vision-critica-de-la-ia-que-nacio-no-neutral\/\" target=\"_self\" rel=\"bookmark noopener noreferrer\">Leer m\u00e1s<\/a>\n\t\t\t<\/div>\n\t\t\t\n\t\t\t\t\t\t\t\t\t<\/article>\n\t\t\t\t\t\t\t\t\t\t\t\t\t\t\t\t<article class=\"uagb-post__inner-wrap\">\t\t\t\t\t\t\t\t<div class='uagb-post__image'>\n\t\t\t\t\t\t\t\t\t<a href=\"https:\/\/juanpenafiel.ciape.org\/index.php\/2026\/02\/25\/batalla-cultural-y-la-soberania-popular\/\" target=\"_self\" rel=\"bookmark noopener noreferrer\" class='uagb-image-ratio-2-3'><img loading=\"lazy\" decoding=\"async\" width=\"300\" height=\"200\" src=\"https:\/\/juanpenafiel.ciape.org\/wp-content\/uploads\/2026\/02\/g128f4d861c654d530008058faec5b8cd1afefb38866d740c3a3d02d7a05872c0991efb0bd877aab002df97b1784971fbe6f0705c9bac0e3360e96d94d496140c_1280-8177622-300x200.jpg\" class=\"attachment-medium size-medium\" alt=\"landscape, port, boats, nature, people, buildings, darling, clouds, colorful, sea\" srcset=\"https:\/\/juanpenafiel.ciape.org\/wp-content\/uploads\/2026\/02\/g128f4d861c654d530008058faec5b8cd1afefb38866d740c3a3d02d7a05872c0991efb0bd877aab002df97b1784971fbe6f0705c9bac0e3360e96d94d496140c_1280-8177622-300x200.jpg 300w, https:\/\/juanpenafiel.ciape.org\/wp-content\/uploads\/2026\/02\/g128f4d861c654d530008058faec5b8cd1afefb38866d740c3a3d02d7a05872c0991efb0bd877aab002df97b1784971fbe6f0705c9bac0e3360e96d94d496140c_1280-8177622-1024x682.jpg 1024w, https:\/\/juanpenafiel.ciape.org\/wp-content\/uploads\/2026\/02\/g128f4d861c654d530008058faec5b8cd1afefb38866d740c3a3d02d7a05872c0991efb0bd877aab002df97b1784971fbe6f0705c9bac0e3360e96d94d496140c_1280-8177622-768x512.jpg 768w, https:\/\/juanpenafiel.ciape.org\/wp-content\/uploads\/2026\/02\/g128f4d861c654d530008058faec5b8cd1afefb38866d740c3a3d02d7a05872c0991efb0bd877aab002df97b1784971fbe6f0705c9bac0e3360e96d94d496140c_1280-8177622.jpg 1280w\" sizes=\"auto, (max-width: 300px) 100vw, 300px\" \/>\t\t\t\t\t<\/a>\n\t\t\t\t\t\t\t<\/div>\n\t\t\t\t\t\t<h4 class=\"uagb-post__title uagb-post__text\">\n\t\t\t\t<a href=\"https:\/\/juanpenafiel.ciape.org\/index.php\/2026\/02\/25\/batalla-cultural-y-la-soberania-popular\/\" target=\"_self\" rel=\"bookmark noopener noreferrer\">Batalla cultural y la soberan\u00eda popular<\/a>\n\t\t\t<\/h4>\n\t\t\t\t\t\t<div class='uagb-post__text uagb-post-grid-byline'>\n\t\t\t\t\t\t\t\t<time datetime=\"2026-02-25T17:58:22+00:00\" class=\"uagb-post__date\">\n\t\t\t\t<span class=\"dashicons-calendar dashicons\"><\/span>\t\t\t\t\tfebrero 25, 2026\t\t\t\t<\/time>\n\t\t\t\t\t\t<\/div>\n\t\t\t\t\t\t\t<div class='uagb-post__text uagb-post__excerpt'>\n\t\t\t\t\tLa batalla cultural es una teor\u00eda pol\u00edtica, es una batalla&#8230;\t\t\t\t<\/div>\n\t\t\t\t\t\t<div class=\"uagb-post__text uagb-post__cta wp-block-button\">\n\t\t\t\t<a class=\"wp-block-button__link uagb-text-link\" style=\"\" href=\"https:\/\/juanpenafiel.ciape.org\/index.php\/2026\/02\/25\/batalla-cultural-y-la-soberania-popular\/\" target=\"_self\" rel=\"bookmark noopener noreferrer\">Leer m\u00e1s<\/a>\n\t\t\t<\/div>\n\t\t\t\n\t\t\t\t\t\t\t\t\t<\/article>\n\t\t\t\t\t\t\t\t\t\t\t\t\t\t\t\t<article class=\"uagb-post__inner-wrap\">\t\t\t\t\t\t\t\t<div class='uagb-post__image'>\n\t\t\t\t\t\t\t\t\t<a href=\"https:\/\/juanpenafiel.ciape.org\/index.php\/2026\/02\/25\/celulares-en-el-ambito-de-la-educacion\/\" target=\"_self\" rel=\"bookmark noopener noreferrer\" class='uagb-image-ratio-2-3'><img loading=\"lazy\" decoding=\"async\" width=\"300\" height=\"153\" src=\"https:\/\/juanpenafiel.ciape.org\/wp-content\/uploads\/2026\/02\/Educacion-Estudiantes-y-moviles-2-300x153.jpg\" class=\"attachment-medium size-medium\" alt=\"\" srcset=\"https:\/\/juanpenafiel.ciape.org\/wp-content\/uploads\/2026\/02\/Educacion-Estudiantes-y-moviles-2-300x153.jpg 300w, https:\/\/juanpenafiel.ciape.org\/wp-content\/uploads\/2026\/02\/Educacion-Estudiantes-y-moviles-2.jpg 314w\" sizes=\"auto, (max-width: 300px) 100vw, 300px\" \/>\t\t\t\t\t<\/a>\n\t\t\t\t\t\t\t<\/div>\n\t\t\t\t\t\t<h4 class=\"uagb-post__title uagb-post__text\">\n\t\t\t\t<a href=\"https:\/\/juanpenafiel.ciape.org\/index.php\/2026\/02\/25\/celulares-en-el-ambito-de-la-educacion\/\" target=\"_self\" rel=\"bookmark noopener noreferrer\">Celulares en el \u00e1mbito de la educaci\u00f3n<\/a>\n\t\t\t<\/h4>\n\t\t\t\t\t\t<div class='uagb-post__text uagb-post-grid-byline'>\n\t\t\t\t\t\t\t\t<time datetime=\"2026-02-25T15:39:25+00:00\" class=\"uagb-post__date\">\n\t\t\t\t<span class=\"dashicons-calendar dashicons\"><\/span>\t\t\t\t\tfebrero 25, 2026\t\t\t\t<\/time>\n\t\t\t\t\t\t<\/div>\n\t\t\t\t\t\t\t<div class='uagb-post__text uagb-post__excerpt'>\n\t\t\t\t\tquitar los celulares de las salas de clases tiene que&#8230;\t\t\t\t<\/div>\n\t\t\t\t\t\t<div class=\"uagb-post__text uagb-post__cta wp-block-button\">\n\t\t\t\t<a class=\"wp-block-button__link uagb-text-link\" style=\"\" href=\"https:\/\/juanpenafiel.ciape.org\/index.php\/2026\/02\/25\/celulares-en-el-ambito-de-la-educacion\/\" target=\"_self\" rel=\"bookmark noopener noreferrer\">Leer m\u00e1s<\/a>\n\t\t\t<\/div>\n\t\t\t\n\t\t\t\t\t\t\t\t\t<\/article>\n\t\t\t\t\t\t\t\t\t\t\t<\/div>\n\t\t\t\n\n\n<div class=\"wp-block-uagb-container uagb-block-3efc6224 alignfull uagb-is-root-container\"><div class=\"uagb-container-inner-blocks-wrap\">\n<div class=\"wp-block-uagb-advanced-heading uagb-block-972f737f\"><h2 class=\"uagb-heading-text\">\u00ab\u00danete a la Red de Pensamiento Cr\u00edtico: Suscr\u00edbete a nuestra actualizaci\u00f3n de documentos.\u00bb<\/h2><\/div>\n<\/div><\/div>\n\n\n\n<div class=\"wp-block-uagb-forms uagb-forms__outer-wrap uagb-block-41a7ced3 uagb-forms__medium-btn\"><form class=\"uagb-forms-main-form\" method=\"post\" autocomplete=\"on\" name=\"uagb-form-41a7ced3\">\n<div class=\"wp-block-uagb-forms-name uagb-forms-name-wrap uagb-forms-field-set uagb-block-942f5d88\"><div class=\"uagb-forms-name-label required uagb-forms-input-label\" id=\"942f5d88\">Name<\/div><input type=\"text\" placeholder=\"John Doe\" required class=\"uagb-forms-name-input uagb-forms-input\" name=\"942f5d88\" autocomplete=\"name\"\/><\/div>\n\n\n\n<div class=\"wp-block-uagb-forms-email uagb-forms-email-wrap uagb-forms-field-set uagb-block-ea74db32\"><div class=\"uagb-forms-email-label  uagb-forms-input-label\" id=\"ea74db32\">Email<\/div><input type=\"email\" class=\"uagb-forms-email-input uagb-forms-input\" placeholder=\"example@mail.com\" name=\"ea74db32\" autocomplete=\"email\"\/><\/div>\n<div class=\"uagb-forms-form-hidden-data\"><input type=\"hidden\" class=\"uagb_forms_form_label\" value=\"Spectra Form\"\/><input type=\"hidden\" class=\"uagb_forms_form_id\" value=\"uagb-form-41a7ced3\"\/><\/div><div class=\"uagb-form-reacaptcha-error-41a7ced3\"><\/div><div class=\"uagb-forms-main-submit-button-wrap wp-block-button\"><button class=\"uagb-forms-main-submit-button wp-block-button__link\"><div class=\"uagb-forms-main-submit-button-text\">Enviar<\/div><\/button><\/div><\/form><div class=\"uagb-forms-success-message-41a7ced3 uagb-forms-submit-message-hide\"><span>The form has been submitted successfully!<\/span><\/div><div class=\"uagb-forms-failed-message-41a7ced3 uagb-forms-submit-message-hide\"><span>There has been some error while submitting the form. Please verify all form fields again.<\/span><\/div><\/div>\n\n\n\n<p><\/p>\n","protected":false},"excerpt":{"rendered":"<p>\u00ab\u00danete a la Red de Pensamiento Cr\u00edtico: Suscr\u00edbete a nuestra actualizaci\u00f3n de documentos.\u00bb<\/p>\n","protected":false},"author":2,"featured_media":0,"parent":0,"menu_order":0,"comment_status":"closed","ping_status":"closed","template":"","meta":{"_uag_custom_page_level_css":"","site-sidebar-layout":"default","site-content-layout":"","ast-site-content-layout":"default","site-content-style":"default","site-sidebar-style":"default","ast-global-header-display":"","ast-banner-title-visibility":"","ast-main-header-display":"","ast-hfb-above-header-display":"","ast-hfb-below-header-display":"","ast-hfb-mobile-header-display":"","site-post-title":"","ast-breadcrumbs-content":"","ast-featured-img":"","footer-sml-layout":"","ast-disable-related-posts":"","theme-transparent-header-meta":"","adv-header-id-meta":"","stick-header-meta":"","header-above-stick-meta":"","header-main-stick-meta":"","header-below-stick-meta":"","astra-migrate-meta-layouts":"default","ast-page-background-enabled":"default","ast-page-background-meta":{"desktop":{"background-color":"var(--ast-global-color-5)","background-image":"","background-repeat":"repeat","background-position":"center center","background-size":"auto","background-attachment":"scroll","background-type":"","background-media":"","overlay-type":"","overlay-color":"","overlay-opacity":"","overlay-gradient":""},"tablet":{"background-color":"","background-image":"","background-repeat":"repeat","background-position":"center center","background-size":"auto","background-attachment":"scroll","background-type":"","background-media":"","overlay-type":"","overlay-color":"","overlay-opacity":"","overlay-gradient":""},"mobile":{"background-color":"","background-image":"","background-repeat":"repeat","background-position":"center center","background-size":"auto","background-attachment":"scroll","background-type":"","background-media":"","overlay-type":"","overlay-color":"","overlay-opacity":"","overlay-gradient":""}},"ast-content-background-meta":{"desktop":{"background-color":"var(--ast-global-color-4)","background-image":"","background-repeat":"repeat","background-position":"center center","background-size":"auto","background-attachment":"scroll","background-type":"","background-media":"","overlay-type":"","overlay-color":"","overlay-opacity":"","overlay-gradient":""},"tablet":{"background-color":"var(--ast-global-color-4)","background-image":"","background-repeat":"repeat","background-position":"center center","background-size":"auto","background-attachment":"scroll","background-type":"","background-media":"","overlay-type":"","overlay-color":"","overlay-opacity":"","overlay-gradient":""},"mobile":{"background-color":"var(--ast-global-color-4)","background-image":"","background-repeat":"repeat","background-position":"center center","background-size":"auto","background-attachment":"scroll","background-type":"","background-media":"","overlay-type":"","overlay-color":"","overlay-opacity":"","overlay-gradient":""}},"footnotes":""},"class_list":["post-7","page","type-page","status-publish","hentry"],"uagb_featured_image_src":{"full":false,"thumbnail":false,"medium":false,"medium_large":false,"large":false,"1536x1536":false,"2048x2048":false},"uagb_author_info":{"display_name":"Juan Pe\u00f1afiel","author_link":"https:\/\/juanpenafiel.ciape.org\/index.php\/author\/jpenafiel\/"},"uagb_comment_info":0,"uagb_excerpt":"\u00ab\u00danete a la Red de Pensamiento Cr\u00edtico: Suscr\u00edbete a nuestra actualizaci\u00f3n de documentos.\u00bb","_links":{"self":[{"href":"https:\/\/juanpenafiel.ciape.org\/index.php\/wp-json\/wp\/v2\/pages\/7","targetHints":{"allow":["GET"]}}],"collection":[{"href":"https:\/\/juanpenafiel.ciape.org\/index.php\/wp-json\/wp\/v2\/pages"}],"about":[{"href":"https:\/\/juanpenafiel.ciape.org\/index.php\/wp-json\/wp\/v2\/types\/page"}],"author":[{"embeddable":true,"href":"https:\/\/juanpenafiel.ciape.org\/index.php\/wp-json\/wp\/v2\/users\/2"}],"replies":[{"embeddable":true,"href":"https:\/\/juanpenafiel.ciape.org\/index.php\/wp-json\/wp\/v2\/comments?post=7"}],"version-history":[{"count":9,"href":"https:\/\/juanpenafiel.ciape.org\/index.php\/wp-json\/wp\/v2\/pages\/7\/revisions"}],"predecessor-version":[{"id":46,"href":"https:\/\/juanpenafiel.ciape.org\/index.php\/wp-json\/wp\/v2\/pages\/7\/revisions\/46"}],"wp:attachment":[{"href":"https:\/\/juanpenafiel.ciape.org\/index.php\/wp-json\/wp\/v2\/media?parent=7"}],"curies":[{"name":"wp","href":"https:\/\/api.w.org\/{rel}","templated":true}]}}