{"id":23,"date":"2026-02-25T15:48:58","date_gmt":"2026-02-25T15:48:58","guid":{"rendered":"https:\/\/juanpenafiel.ciape.org\/?page_id=23"},"modified":"2026-02-25T17:46:48","modified_gmt":"2026-02-25T17:46:48","slug":"revista-digital-2","status":"publish","type":"page","link":"https:\/\/juanpenafiel.ciape.org\/index.php\/revista-digital-2\/","title":{"rendered":"Revista digital"},"content":{"rendered":"\n\t\t\t<div class=\"wp-block-uagb-post-grid uagb-post-grid  uagb-post__image-position-top uagb-post__image-enabled uagb-block-baed19db     uagb-post__items uagb-post__columns-4 is-grid uagb-post__columns-tablet-2 uagb-post__columns-mobile-1 uagb-post__equal-height\" data-total=\"2\" style=\"\">\n\n\t\t\t\t\t\t\t\t\t\t\t\t<article class=\"uagb-post__inner-wrap\">\t\t\t\t\t\t\t\t<div class='uagb-post__image'>\n\t\t\t\t\t\t\t\t\t<a href=\"https:\/\/juanpenafiel.ciape.org\/index.php\/2026\/03\/08\/claude-y-su-responsabilidad-en-la-muerte-de-165-ninas-de-minab\/\" target=\"_self\" rel=\"bookmark noopener noreferrer\" class='uagb-image-ratio-inherit'><img loading=\"lazy\" decoding=\"async\" width=\"201\" height=\"251\" src=\"https:\/\/juanpenafiel.ciape.org\/wp-content\/uploads\/2026\/03\/Ninas-de-Minab.jpg\" class=\"attachment-large size-large\" alt=\"\" \/>\t\t\t\t\t<\/a>\n\t\t\t\t\t\t\t<\/div>\n\t\t\t\t\t\t<h4 class=\"uagb-post__title uagb-post__text\">\n\t\t\t\t<a href=\"https:\/\/juanpenafiel.ciape.org\/index.php\/2026\/03\/08\/claude-y-su-responsabilidad-en-la-muerte-de-165-ninas-de-minab\/\" target=\"_self\" rel=\"bookmark noopener noreferrer\">Claude y su \u00abresponsabilidad\u00bb en la muerte de 165 ni\u00f1as de Minab<\/a>\n\t\t\t<\/h4>\n\t\t\t\t\t\t<div class='uagb-post__text uagb-post-grid-byline'>\n\t\t\t\t\t\t\t\t<time datetime=\"2026-03-08T12:47:30+00:00\" class=\"uagb-post__date\">\n\t\t\t\t<span class=\"dashicons-calendar dashicons\"><\/span>\t\t\t\t\tmarzo 8, 2026\t\t\t\t<\/time>\n\t\t\t\t\t\t\t<span class=\"uagb-post__comment\">\n\t\t\t\t<span class=\"dashicons-admin-comments dashicons\"><\/span>\t\t\t\t\tNo hay comentarios\t\t\t\t<\/span>\n\t\t\t\t\t\t<\/div>\n\t\t\t\t\t\t\t<div class='uagb-post__text uagb-post__excerpt'>\n\t\t\t\t\t\u00abLas 165 ni\u00f1as de Minab van a quedar exactamente donde el poder quiere que queden:&#8230;\t\t\t\t<\/div>\n\t\t\t\t\t\t<div class=\"uagb-post__text uagb-post__cta wp-block-button\">\n\t\t\t\t<a class=\"wp-block-button__link uagb-text-link\" style=\"\" href=\"https:\/\/juanpenafiel.ciape.org\/index.php\/2026\/03\/08\/claude-y-su-responsabilidad-en-la-muerte-de-165-ninas-de-minab\/\" target=\"_self\" rel=\"bookmark noopener noreferrer\">Leer m\u00e1s<\/a>\n\t\t\t<\/div>\n\t\t\t\n\t\t\t\t\t\t\t\t\t<\/article>\n\t\t\t\t\t\t\t\t\t\t\t\t\t\t\t\t<article class=\"uagb-post__inner-wrap\">\t\t\t\t\t\t\t\t<div class='uagb-post__image'>\n\t\t\t\t\t\t\t\t\t<a href=\"https:\/\/juanpenafiel.ciape.org\/index.php\/2026\/02\/28\/a-partir-del-caso-de-claude-y-el-pentagono\/\" target=\"_self\" rel=\"bookmark noopener noreferrer\" class='uagb-image-ratio-inherit'><img loading=\"lazy\" decoding=\"async\" width=\"486\" height=\"409\" src=\"https:\/\/juanpenafiel.ciape.org\/wp-content\/uploads\/2026\/02\/Claude-IA.png\" class=\"attachment-large size-large\" alt=\"\" srcset=\"https:\/\/juanpenafiel.ciape.org\/wp-content\/uploads\/2026\/02\/Claude-IA.png 486w, https:\/\/juanpenafiel.ciape.org\/wp-content\/uploads\/2026\/02\/Claude-IA-300x252.png 300w\" sizes=\"auto, (max-width: 486px) 100vw, 486px\" \/>\t\t\t\t\t<\/a>\n\t\t\t\t\t\t\t<\/div>\n\t\t\t\t\t\t<h4 class=\"uagb-post__title uagb-post__text\">\n\t\t\t\t<a href=\"https:\/\/juanpenafiel.ciape.org\/index.php\/2026\/02\/28\/a-partir-del-caso-de-claude-y-el-pentagono\/\" target=\"_self\" rel=\"bookmark noopener noreferrer\">A partir del caso de Claude y el Pent\u00e1gono<\/a>\n\t\t\t<\/h4>\n\t\t\t\t\t\t<div class='uagb-post__text uagb-post-grid-byline'>\n\t\t\t\t\t\t\t\t<time datetime=\"2026-02-28T20:24:22+00:00\" class=\"uagb-post__date\">\n\t\t\t\t<span class=\"dashicons-calendar dashicons\"><\/span>\t\t\t\t\tfebrero 28, 2026\t\t\t\t<\/time>\n\t\t\t\t\t\t\t<span class=\"uagb-post__comment\">\n\t\t\t\t<span class=\"dashicons-admin-comments dashicons\"><\/span>\t\t\t\t\tNo hay comentarios\t\t\t\t<\/span>\n\t\t\t\t\t\t<\/div>\n\t\t\t\t\t\t\t<div class='uagb-post__text uagb-post__excerpt'>\n\t\t\t\t\tser cada vez m\u00e1s cautelosos en el uso cr\u00edtico de las IA\t\t\t\t<\/div>\n\t\t\t\t\t\t<div class=\"uagb-post__text uagb-post__cta wp-block-button\">\n\t\t\t\t<a class=\"wp-block-button__link uagb-text-link\" style=\"\" href=\"https:\/\/juanpenafiel.ciape.org\/index.php\/2026\/02\/28\/a-partir-del-caso-de-claude-y-el-pentagono\/\" target=\"_self\" rel=\"bookmark noopener noreferrer\">Leer m\u00e1s<\/a>\n\t\t\t<\/div>\n\t\t\t\n\t\t\t\t\t\t\t\t\t<\/article>\n\t\t\t\t\t\t\t\t\t\t\t\t\t\t\t\t<article class=\"uagb-post__inner-wrap\">\t\t\t\t\t\t\t\t<div class='uagb-post__image'>\n\t\t\t\t\t\t\t\t\t<a href=\"https:\/\/juanpenafiel.ciape.org\/index.php\/2026\/02\/25\/una-vision-critica-de-la-ia-que-nacio-no-neutral\/\" target=\"_self\" rel=\"bookmark noopener noreferrer\" class='uagb-image-ratio-inherit'><img loading=\"lazy\" decoding=\"async\" width=\"396\" height=\"291\" src=\"https:\/\/juanpenafiel.ciape.org\/wp-content\/uploads\/2026\/02\/Tecnologias-e-IA.png\" class=\"attachment-large size-large\" alt=\"\" srcset=\"https:\/\/juanpenafiel.ciape.org\/wp-content\/uploads\/2026\/02\/Tecnologias-e-IA.png 396w, https:\/\/juanpenafiel.ciape.org\/wp-content\/uploads\/2026\/02\/Tecnologias-e-IA-300x220.png 300w\" sizes=\"auto, (max-width: 396px) 100vw, 396px\" \/>\t\t\t\t\t<\/a>\n\t\t\t\t\t\t\t<\/div>\n\t\t\t\t\t\t<h4 class=\"uagb-post__title uagb-post__text\">\n\t\t\t\t<a href=\"https:\/\/juanpenafiel.ciape.org\/index.php\/2026\/02\/25\/una-vision-critica-de-la-ia-que-nacio-no-neutral\/\" target=\"_self\" rel=\"bookmark noopener noreferrer\">Una visi\u00f3n cr\u00edtica de la IA que naci\u00f3 no neutral<\/a>\n\t\t\t<\/h4>\n\t\t\t\t\t\t<div class='uagb-post__text uagb-post-grid-byline'>\n\t\t\t\t\t\t\t\t<time datetime=\"2026-02-25T18:04:07+00:00\" class=\"uagb-post__date\">\n\t\t\t\t<span class=\"dashicons-calendar dashicons\"><\/span>\t\t\t\t\tfebrero 25, 2026\t\t\t\t<\/time>\n\t\t\t\t\t\t\t<span class=\"uagb-post__comment\">\n\t\t\t\t<span class=\"dashicons-admin-comments dashicons\"><\/span>\t\t\t\t\tNo hay comentarios\t\t\t\t<\/span>\n\t\t\t\t\t\t<\/div>\n\t\t\t\t\t\t\t<div class='uagb-post__text uagb-post__excerpt'>\n\t\t\t\t\tEntre la libertad y el control de las personas\t\t\t\t<\/div>\n\t\t\t\t\t\t<div class=\"uagb-post__text uagb-post__cta wp-block-button\">\n\t\t\t\t<a class=\"wp-block-button__link uagb-text-link\" style=\"\" href=\"https:\/\/juanpenafiel.ciape.org\/index.php\/2026\/02\/25\/una-vision-critica-de-la-ia-que-nacio-no-neutral\/\" target=\"_self\" rel=\"bookmark noopener noreferrer\">Leer m\u00e1s<\/a>\n\t\t\t<\/div>\n\t\t\t\n\t\t\t\t\t\t\t\t\t<\/article>\n\t\t\t\t\t\t\t\t\t\t\t\t\t\t\t\t<article class=\"uagb-post__inner-wrap\">\t\t\t\t\t\t\t\t<div class='uagb-post__image'>\n\t\t\t\t\t\t\t\t\t<a href=\"https:\/\/juanpenafiel.ciape.org\/index.php\/2026\/02\/25\/batalla-cultural-y-la-soberania-popular\/\" target=\"_self\" rel=\"bookmark noopener noreferrer\" class='uagb-image-ratio-inherit'><img loading=\"lazy\" decoding=\"async\" width=\"1024\" height=\"682\" src=\"https:\/\/juanpenafiel.ciape.org\/wp-content\/uploads\/2026\/02\/g128f4d861c654d530008058faec5b8cd1afefb38866d740c3a3d02d7a05872c0991efb0bd877aab002df97b1784971fbe6f0705c9bac0e3360e96d94d496140c_1280-8177622-1024x682.jpg\" class=\"attachment-large size-large\" alt=\"landscape, port, boats, nature, people, buildings, darling, clouds, colorful, sea\" srcset=\"https:\/\/juanpenafiel.ciape.org\/wp-content\/uploads\/2026\/02\/g128f4d861c654d530008058faec5b8cd1afefb38866d740c3a3d02d7a05872c0991efb0bd877aab002df97b1784971fbe6f0705c9bac0e3360e96d94d496140c_1280-8177622-1024x682.jpg 1024w, https:\/\/juanpenafiel.ciape.org\/wp-content\/uploads\/2026\/02\/g128f4d861c654d530008058faec5b8cd1afefb38866d740c3a3d02d7a05872c0991efb0bd877aab002df97b1784971fbe6f0705c9bac0e3360e96d94d496140c_1280-8177622-300x200.jpg 300w, https:\/\/juanpenafiel.ciape.org\/wp-content\/uploads\/2026\/02\/g128f4d861c654d530008058faec5b8cd1afefb38866d740c3a3d02d7a05872c0991efb0bd877aab002df97b1784971fbe6f0705c9bac0e3360e96d94d496140c_1280-8177622-768x512.jpg 768w, https:\/\/juanpenafiel.ciape.org\/wp-content\/uploads\/2026\/02\/g128f4d861c654d530008058faec5b8cd1afefb38866d740c3a3d02d7a05872c0991efb0bd877aab002df97b1784971fbe6f0705c9bac0e3360e96d94d496140c_1280-8177622.jpg 1280w\" sizes=\"auto, (max-width: 1024px) 100vw, 1024px\" \/>\t\t\t\t\t<\/a>\n\t\t\t\t\t\t\t<\/div>\n\t\t\t\t\t\t<h4 class=\"uagb-post__title uagb-post__text\">\n\t\t\t\t<a href=\"https:\/\/juanpenafiel.ciape.org\/index.php\/2026\/02\/25\/batalla-cultural-y-la-soberania-popular\/\" target=\"_self\" rel=\"bookmark noopener noreferrer\">Batalla cultural y la soberan\u00eda popular<\/a>\n\t\t\t<\/h4>\n\t\t\t\t\t\t<div class='uagb-post__text uagb-post-grid-byline'>\n\t\t\t\t\t\t\t\t<time datetime=\"2026-02-25T17:58:22+00:00\" class=\"uagb-post__date\">\n\t\t\t\t<span class=\"dashicons-calendar dashicons\"><\/span>\t\t\t\t\tfebrero 25, 2026\t\t\t\t<\/time>\n\t\t\t\t\t\t\t<span class=\"uagb-post__comment\">\n\t\t\t\t<span class=\"dashicons-admin-comments dashicons\"><\/span>\t\t\t\t\tNo hay comentarios\t\t\t\t<\/span>\n\t\t\t\t\t\t<\/div>\n\t\t\t\t\t\t\t<div class='uagb-post__text uagb-post__excerpt'>\n\t\t\t\t\tLa batalla cultural es una teor\u00eda pol\u00edtica, es una batalla por la incidencia y el&#8230;\t\t\t\t<\/div>\n\t\t\t\t\t\t<div class=\"uagb-post__text uagb-post__cta wp-block-button\">\n\t\t\t\t<a class=\"wp-block-button__link uagb-text-link\" style=\"\" href=\"https:\/\/juanpenafiel.ciape.org\/index.php\/2026\/02\/25\/batalla-cultural-y-la-soberania-popular\/\" target=\"_self\" rel=\"bookmark noopener noreferrer\">Leer m\u00e1s<\/a>\n\t\t\t<\/div>\n\t\t\t\n\t\t\t\t\t\t\t\t\t<\/article>\n\t\t\t\t\t\t\t\t\t\t\t\t\t\t\t\t<article class=\"uagb-post__inner-wrap\">\t\t\t\t\t\t\t\t<div class='uagb-post__image'>\n\t\t\t\t\t\t\t\t\t<a href=\"https:\/\/juanpenafiel.ciape.org\/index.php\/2026\/02\/25\/celulares-en-el-ambito-de-la-educacion\/\" target=\"_self\" rel=\"bookmark noopener noreferrer\" class='uagb-image-ratio-inherit'><img loading=\"lazy\" decoding=\"async\" width=\"314\" height=\"160\" src=\"https:\/\/juanpenafiel.ciape.org\/wp-content\/uploads\/2026\/02\/Educacion-Estudiantes-y-moviles-2.jpg\" class=\"attachment-large size-large\" alt=\"\" srcset=\"https:\/\/juanpenafiel.ciape.org\/wp-content\/uploads\/2026\/02\/Educacion-Estudiantes-y-moviles-2.jpg 314w, https:\/\/juanpenafiel.ciape.org\/wp-content\/uploads\/2026\/02\/Educacion-Estudiantes-y-moviles-2-300x153.jpg 300w\" sizes=\"auto, (max-width: 314px) 100vw, 314px\" \/>\t\t\t\t\t<\/a>\n\t\t\t\t\t\t\t<\/div>\n\t\t\t\t\t\t<h4 class=\"uagb-post__title uagb-post__text\">\n\t\t\t\t<a href=\"https:\/\/juanpenafiel.ciape.org\/index.php\/2026\/02\/25\/celulares-en-el-ambito-de-la-educacion\/\" target=\"_self\" rel=\"bookmark noopener noreferrer\">Celulares en el \u00e1mbito de la educaci\u00f3n<\/a>\n\t\t\t<\/h4>\n\t\t\t\t\t\t<div class='uagb-post__text uagb-post-grid-byline'>\n\t\t\t\t\t\t\t\t<time datetime=\"2026-02-25T15:39:25+00:00\" class=\"uagb-post__date\">\n\t\t\t\t<span class=\"dashicons-calendar dashicons\"><\/span>\t\t\t\t\tfebrero 25, 2026\t\t\t\t<\/time>\n\t\t\t\t\t\t\t<span class=\"uagb-post__comment\">\n\t\t\t\t<span class=\"dashicons-admin-comments dashicons\"><\/span>\t\t\t\t\tNo hay comentarios\t\t\t\t<\/span>\n\t\t\t\t\t\t<\/div>\n\t\t\t\t\t\t\t<div class='uagb-post__text uagb-post__excerpt'>\n\t\t\t\t\tquitar los celulares de las salas de clases tiene que ver con el actual rol&#8230;\t\t\t\t<\/div>\n\t\t\t\t\t\t<div class=\"uagb-post__text uagb-post__cta wp-block-button\">\n\t\t\t\t<a class=\"wp-block-button__link uagb-text-link\" style=\"\" href=\"https:\/\/juanpenafiel.ciape.org\/index.php\/2026\/02\/25\/celulares-en-el-ambito-de-la-educacion\/\" target=\"_self\" rel=\"bookmark noopener noreferrer\">Leer m\u00e1s<\/a>\n\t\t\t<\/div>\n\t\t\t\n\t\t\t\t\t\t\t\t\t<\/article>\n\t\t\t\t\t\t\t\t\t\t\t\t\t\t\t\t<article class=\"uagb-post__inner-wrap\">\t\t\t\t\t\t\t\t<div class='uagb-post__image'>\n\t\t\t\t\t\t\t\t\t<a href=\"https:\/\/juanpenafiel.ciape.org\/index.php\/2026\/02\/25\/una-pedagogia-critica-para-la-comprension-y-las-proyecciones\/\" target=\"_self\" rel=\"bookmark noopener noreferrer\" class='uagb-image-ratio-inherit'><img loading=\"lazy\" decoding=\"async\" width=\"310\" height=\"233\" src=\"https:\/\/juanpenafiel.ciape.org\/wp-content\/uploads\/2026\/02\/Educacion-Salas-de-clases-2.jpg\" class=\"attachment-large size-large\" alt=\"\" srcset=\"https:\/\/juanpenafiel.ciape.org\/wp-content\/uploads\/2026\/02\/Educacion-Salas-de-clases-2.jpg 310w, https:\/\/juanpenafiel.ciape.org\/wp-content\/uploads\/2026\/02\/Educacion-Salas-de-clases-2-300x225.jpg 300w\" sizes=\"auto, (max-width: 310px) 100vw, 310px\" \/>\t\t\t\t\t<\/a>\n\t\t\t\t\t\t\t<\/div>\n\t\t\t\t\t\t<h4 class=\"uagb-post__title uagb-post__text\">\n\t\t\t\t<a href=\"https:\/\/juanpenafiel.ciape.org\/index.php\/2026\/02\/25\/una-pedagogia-critica-para-la-comprension-y-las-proyecciones\/\" target=\"_self\" rel=\"bookmark noopener noreferrer\">Una pedagog\u00eda cr\u00edtica para la comprensi\u00f3n y las proyecciones<\/a>\n\t\t\t<\/h4>\n\t\t\t\t\t\t<div class='uagb-post__text uagb-post-grid-byline'>\n\t\t\t\t\t\t\t\t<time datetime=\"2026-02-25T15:32:27+00:00\" class=\"uagb-post__date\">\n\t\t\t\t<span class=\"dashicons-calendar dashicons\"><\/span>\t\t\t\t\tfebrero 25, 2026\t\t\t\t<\/time>\n\t\t\t\t\t\t\t<span class=\"uagb-post__comment\">\n\t\t\t\t<span class=\"dashicons-admin-comments dashicons\"><\/span>\t\t\t\t\tNo hay comentarios\t\t\t\t<\/span>\n\t\t\t\t\t\t<\/div>\n\t\t\t\t\t\t\t<div class='uagb-post__text uagb-post__excerpt'>\n\t\t\t\t\tel mundo se arriesga a una era de fragmentaci\u00f3n y control autoritario, donde conceptos como&#8230;\t\t\t\t<\/div>\n\t\t\t\t\t\t<div class=\"uagb-post__text uagb-post__cta wp-block-button\">\n\t\t\t\t<a class=\"wp-block-button__link uagb-text-link\" style=\"\" href=\"https:\/\/juanpenafiel.ciape.org\/index.php\/2026\/02\/25\/una-pedagogia-critica-para-la-comprension-y-las-proyecciones\/\" target=\"_self\" rel=\"bookmark noopener noreferrer\">Leer m\u00e1s<\/a>\n\t\t\t<\/div>\n\t\t\t\n\t\t\t\t\t\t\t\t\t<\/article>\n\t\t\t\t\t\t\t\t\t\t\t<\/div>\n\t\t\t","protected":false},"excerpt":{"rendered":"","protected":false},"author":2,"featured_media":0,"parent":0,"menu_order":0,"comment_status":"closed","ping_status":"closed","template":"","meta":{"_uag_custom_page_level_css":"","site-sidebar-layout":"default","site-content-layout":"","ast-site-content-layout":"default","site-content-style":"default","site-sidebar-style":"default","ast-global-header-display":"","ast-banner-title-visibility":"","ast-main-header-display":"","ast-hfb-above-header-display":"","ast-hfb-below-header-display":"","ast-hfb-mobile-header-display":"","site-post-title":"","ast-breadcrumbs-content":"","ast-featured-img":"","footer-sml-layout":"","ast-disable-related-posts":"","theme-transparent-header-meta":"","adv-header-id-meta":"","stick-header-meta":"","header-above-stick-meta":"","header-main-stick-meta":"","header-below-stick-meta":"","astra-migrate-meta-layouts":"default","ast-page-background-enabled":"default","ast-page-background-meta":{"desktop":{"background-color":"var(--ast-global-color-5)","background-image":"","background-repeat":"repeat","background-position":"center center","background-size":"auto","background-attachment":"scroll","background-type":"","background-media":"","overlay-type":"","overlay-color":"","overlay-opacity":"","overlay-gradient":""},"tablet":{"background-color":"","background-image":"","background-repeat":"repeat","background-position":"center center","background-size":"auto","background-attachment":"scroll","background-type":"","background-media":"","overlay-type":"","overlay-color":"","overlay-opacity":"","overlay-gradient":""},"mobile":{"background-color":"","background-image":"","background-repeat":"repeat","background-position":"center center","background-size":"auto","background-attachment":"scroll","background-type":"","background-media":"","overlay-type":"","overlay-color":"","overlay-opacity":"","overlay-gradient":""}},"ast-content-background-meta":{"desktop":{"background-color":"var(--ast-global-color-4)","background-image":"","background-repeat":"repeat","background-position":"center center","background-size":"auto","background-attachment":"scroll","background-type":"","background-media":"","overlay-type":"","overlay-color":"","overlay-opacity":"","overlay-gradient":""},"tablet":{"background-color":"var(--ast-global-color-4)","background-image":"","background-repeat":"repeat","background-position":"center center","background-size":"auto","background-attachment":"scroll","background-type":"","background-media":"","overlay-type":"","overlay-color":"","overlay-opacity":"","overlay-gradient":""},"mobile":{"background-color":"var(--ast-global-color-4)","background-image":"","background-repeat":"repeat","background-position":"center center","background-size":"auto","background-attachment":"scroll","background-type":"","background-media":"","overlay-type":"","overlay-color":"","overlay-opacity":"","overlay-gradient":""}},"footnotes":""},"class_list":["post-23","page","type-page","status-publish","hentry"],"uagb_featured_image_src":{"full":false,"thumbnail":false,"medium":false,"medium_large":false,"large":false,"1536x1536":false,"2048x2048":false},"uagb_author_info":{"display_name":"Juan Pe\u00f1afiel","author_link":"https:\/\/juanpenafiel.ciape.org\/index.php\/author\/jpenafiel\/"},"uagb_comment_info":0,"uagb_excerpt":null,"_links":{"self":[{"href":"https:\/\/juanpenafiel.ciape.org\/index.php\/wp-json\/wp\/v2\/pages\/23","targetHints":{"allow":["GET"]}}],"collection":[{"href":"https:\/\/juanpenafiel.ciape.org\/index.php\/wp-json\/wp\/v2\/pages"}],"about":[{"href":"https:\/\/juanpenafiel.ciape.org\/index.php\/wp-json\/wp\/v2\/types\/page"}],"author":[{"embeddable":true,"href":"https:\/\/juanpenafiel.ciape.org\/index.php\/wp-json\/wp\/v2\/users\/2"}],"replies":[{"embeddable":true,"href":"https:\/\/juanpenafiel.ciape.org\/index.php\/wp-json\/wp\/v2\/comments?post=23"}],"version-history":[{"count":1,"href":"https:\/\/juanpenafiel.ciape.org\/index.php\/wp-json\/wp\/v2\/pages\/23\/revisions"}],"predecessor-version":[{"id":24,"href":"https:\/\/juanpenafiel.ciape.org\/index.php\/wp-json\/wp\/v2\/pages\/23\/revisions\/24"}],"wp:attachment":[{"href":"https:\/\/juanpenafiel.ciape.org\/index.php\/wp-json\/wp\/v2\/media?parent=23"}],"curies":[{"name":"wp","href":"https:\/\/api.w.org\/{rel}","templated":true}]}}